{"id":1367,"date":"2022-06-26T10:17:03","date_gmt":"2022-06-26T10:17:03","guid":{"rendered":"https:\/\/metronsevilla.com\/?page_id=1367"},"modified":"2023-03-22T08:45:59","modified_gmt":"2023-03-22T08:45:59","slug":"aviso-legal","status":"publish","type":"page","link":"https:\/\/metronsevilla.com\/en\/aviso-legal\/","title":{"rendered":"Legal notice"},"content":{"rendered":"<div data-elementor-type=\"wp-page\" data-elementor-id=\"1367\" class=\"elementor elementor-1367\" data-elementor-post-type=\"page\">\n\t\t\t\t\t\t<section class=\"elementor-section elementor-top-section elementor-element elementor-element-8c9041f elementor-section-boxed elementor-section-height-default elementor-section-height-default\" data-id=\"8c9041f\" data-element_type=\"section\" data-e-type=\"section\" data-settings=\"{&quot;ekit_has_onepagescroll_dot&quot;:&quot;yes&quot;}\">\n\t\t\t\t\t\t<div class=\"elementor-container elementor-column-gap-default\">\n\t\t\t\t\t<div class=\"elementor-column elementor-col-100 elementor-top-column elementor-element elementor-element-357f2d7\" data-id=\"357f2d7\" data-element_type=\"column\" data-e-type=\"column\">\n\t\t\t<div class=\"elementor-widget-wrap elementor-element-populated\">\n\t\t\t\t\t\t<div class=\"elementor-element elementor-element-accb42d elementor-widget elementor-widget-heading\" data-id=\"accb42d\" data-element_type=\"widget\" data-e-type=\"widget\" data-settings=\"{&quot;ekit_we_effect_on&quot;:&quot;none&quot;}\" data-widget_type=\"heading.default\">\n\t\t\t\t<div class=\"elementor-widget-container\">\n\t\t\t\t\t<h2 class=\"elementor-heading-title elementor-size-default\">AVISO LEGAL<\/h2>\t\t\t\t<\/div>\n\t\t\t\t<\/div>\n\t\t\t\t\t<\/div>\n\t\t<\/div>\n\t\t\t\t\t<\/div>\n\t\t<\/section>\n\t\t\t\t<section class=\"elementor-section elementor-top-section elementor-element elementor-element-d6a69ed elementor-section-boxed elementor-section-height-default elementor-section-height-default\" data-id=\"d6a69ed\" data-element_type=\"section\" data-e-type=\"section\" data-settings=\"{&quot;ekit_has_onepagescroll_dot&quot;:&quot;yes&quot;}\">\n\t\t\t\t\t\t<div class=\"elementor-container elementor-column-gap-default\">\n\t\t\t\t\t<div class=\"elementor-column elementor-col-100 elementor-top-column elementor-element elementor-element-3c9393b\" data-id=\"3c9393b\" data-element_type=\"column\" data-e-type=\"column\">\n\t\t\t<div class=\"elementor-widget-wrap elementor-element-populated\">\n\t\t\t\t\t\t<div class=\"elementor-element elementor-element-ba000c6 elementor-widget elementor-widget-text-editor\" data-id=\"ba000c6\" data-element_type=\"widget\" data-e-type=\"widget\" data-settings=\"{&quot;ekit_we_effect_on&quot;:&quot;none&quot;}\" data-widget_type=\"text-editor.default\">\n\t\t\t\t<div class=\"elementor-widget-container\">\n\t\t\t\t\t\t\t\t\t<h2 style=\"text-align: center;\">AVISO LEGAL<\/h2><p>\u00a9 metronsevilla.com. Todos los derechos reservados.<br \/>metronsevilla.com en adelante el sitio Web o Web, en cumplimiento del deber de informaci\u00f3n estipulado en el art\u00edculo 10 de la Ley 34\/2002 de 11 de julio de Servicios de la Sociedad de la Informaci\u00f3n y de Comercio Electr\u00f3nico, le informa que:<\/p><p>El titular del sitio Web y responsable del tratamiento es ESTUDIO SEVILLA CENTRO SANTA JUSTA S.L, en lo que resta del presente aviso se denominar\u00e1 el TITULAR.<\/p><p>NIF: B91773556<br \/>Direcci\u00f3n: C\/ Recaredo, 21 \u2013 1\u00ba &#8211; pta 3<br \/>Localidad: Sevilla<br \/>CP: 41003<br \/>Provincia: SEVILLA<br \/>Pa\u00eds: ESPA\u00d1A<br \/>Correo electr\u00f3nico: metron@metronsevilla.com<br \/>Tel\u00e9fono: 955383716<br \/>Datos de inscripci\u00f3n: Registro Mercantil de Sevilla, tomo 4981, folio 202, secci\u00f3n 8, hoja SE 80574<\/p><p>La presente informaci\u00f3n regula las condiciones de uso, las limitaciones de responsabilidad y las obligaciones que los usuarios del sitio Web asumen y se comprometen a respetar.<\/p><p><br \/><strong>2. Definiciones.<\/strong><\/p><p>&#8211; Usuario: persona f\u00edsica o jur\u00eddica que utiliza o navega por la Web.<\/p><p>&#8211; Contenido: Webs que conforman la totalidad del dominio con la informaci\u00f3n y los servicios que el TITULAR pone a disposici\u00f3n de los usuarios. En ellas se contienen los mensajes, textos, fotograf\u00edas, gr\u00e1ficos, iconos, logos, tecnolog\u00eda, links, texturas, dibujos, archivos de sonido y\/o imagen, grabaciones, software, aspecto, dise\u00f1o gr\u00e1fico, c\u00f3digos fuente y, en general, cualquier otro material visualizado o no de la Web.<\/p><p>&#8211; Web: informaci\u00f3n electr\u00f3nica capaz de contener texto, sonido, video, programas, enlaces, im\u00e1genes y muchas otras cosas, adaptada para la llamada World Wide Web (www) y que puede ser accedida mediante un navegador web. Esta informaci\u00f3n se encuentra generalmente en formato HTML O XHTML y puede proporcionar acceso a otras Webs web mediante enlaces de hipertexto.<\/p><p>&#8211; Hiperenlace: t\u00e9cnica por la cual un usuario puede navegar por diferentes Webs de la Web, o por Internet, con un simple clic sobre el texto, icono, bot\u00f3n o indicativo que contiene el enlace.<\/p><p>&#8211; Cookies: medio t\u00e9cnico que facilita trazabilidad y seguimiento de la navegaci\u00f3n en los sitios Web. Son peque\u00f1os ficheros de texto que se instalan en el ordenador del usuario. Este m\u00e9todo tiene implicaciones sobre la privacidad, por lo que el TITULAR avisar\u00e1 oportuna y fehacientemente de su utilizaci\u00f3n al usuario.<\/p><p><strong>3. Condiciones de uso.<\/strong><\/p><p>La utilizaci\u00f3n del sitio Web otorga la condici\u00f3n de usuario de este, bien sea persona f\u00edsica o jur\u00eddica, y obligatoriamente implica la aceptaci\u00f3n de las cl\u00e1usulas y condiciones generales incluidas en el Aviso Legal.<\/p><p>Si el usuario no estuviera conforme con las cl\u00e1usulas y condiciones de uso de este Aviso Legal, se abstendr\u00e1 de utilizar la Web.<\/p><p>Este Aviso Legal est\u00e1 sujeto a cambios y actualizaciones por lo que la versi\u00f3n publicada por el TITULAR puede ser diferente en cada momento en que el Usuario acceda al sitio Web.<\/p><p>El usuario debe leer el Aviso Legal en cada una de las ocasiones en que acceda a la Web.<\/p><p>A trav\u00e9s de la Web, el TITULAR facilita a los usuarios el acceso y la utilizaci\u00f3n de diversos contenidos publicados por el TITULAR o por terceros autorizados.<\/p><p>El Usuario est\u00e1 obligado y se compromete a utilizar la Web y los contenidos de conformidad con la legislaci\u00f3n vigente, el Aviso Legal, y cualquier otro aviso o instrucciones puestos en su conocimiento, as\u00ed como con las normas de convivencia, la moral y buenas costumbres generalmente aceptadas.<\/p><p>El usuario se obliga y compromete a no utilizar cualquiera de los contenidos con fines o efectos il\u00edcitos, prohibidos en el Aviso Legal o por la legislaci\u00f3n vigente, lesivos de los derechos e intereses de terceros, o que de cualquier forma puedan da\u00f1ar, inutilizar, sobrecargar, deteriorar o impedir la normal utilizaci\u00f3n de los contenidos almacenados en cualquier equipo inform\u00e1tico propio o contratado por el TITULAR o de otros usuarios de Internet.<\/p><p>El usuario no podr\u00e1 suprimir, manipular o de cualquier forma alterar el \u00abcopyright\u00bb y dem\u00e1s datos identificativos de la reserva de derechos del TITULAR, de las huellas y\/o identificadores digitales, o de cualesquiera otros medios t\u00e9cnicos establecidos para su reconocimiento.<\/p><p>El usuario deber\u00e1 abstenerse de obtener o de intentar obtener contenidos empleando medios o procedimientos il\u00edcitos o no permitidos por el TITULAR<\/p><p>El TITULAR no es responsable de la transmisi\u00f3n, difusi\u00f3n o puesta a disposici\u00f3n de terceros de cualquier material contenido en la Web, tales como informaciones textos, datos, contenidos, mensajes, gr\u00e1ficos, dibujos, archivos de sonido y\/o imagen, fotograf\u00edas, grabaciones, software, logotipos, marcas, iconos, enlaces, dise\u00f1os gr\u00e1ficos, c\u00f3digos fuente, o cualquier otro material al que tuviera acceso en su condici\u00f3n de usuario de la Web. La utilizaci\u00f3n de los contenidos por parte de los usuarios se realizar\u00e1 sin menoscabar la imagen y el nombre del TITULAR.<\/p><p>El TITULAR no es responsable del uso que se haga de los contenidos por parte de los usuarios, ni, patrocina, ni colabora, ni comparte las opiniones que puedan darse por los usuarios, o en las webs en las que se descarguen los contenidos que se ponen a su disposici\u00f3n. En caso de detectarse un uso de los contenidos con un fin que pudiera, a juicio del TITULAR, menoscabar su imagen, la mera comunicaci\u00f3n por correo electr\u00f3nico al TITULAR de la mala utilizaci\u00f3n de los contenidos, ser\u00e1 suficiente para que cese en el uso de los contenidos de la Web del TITULAR.<\/p><p><strong>4. Propiedad intelectual<\/strong><\/p><p>Todas las marcas, nombres comerciales o signos distintivos de cualquier clase que aparecen en la Web son propiedad del TITULAR o, en su caso, de terceros que han autorizado su uso, sin que pueda entenderse que el uso o acceso a la Web atribuya al usuario derecho alguno sobre las citadas marcas, nombres comerciales y\/o signos distintivos, y sin que puedan entenderse cedidos al usuario, ninguno de los derechos de explotaci\u00f3n que existen o puedan existir sobre dichos contenidos.<\/p><p>Los contenidos son propiedad intelectual del TITULAR, o de terceros en su caso, por tanto, los derechos de Propiedad Intelectual son titularidad de TITULAR o de terceros que han autorizado su uso, a quienes corresponde el ejercicio exclusivo de los derechos de explotaci\u00f3n de los mismos en cualquier forma y, en especial, los derechos de reproducci\u00f3n, distribuci\u00f3n, comunicaci\u00f3n p\u00fablica y transformaci\u00f3n.<\/p><p>La utilizaci\u00f3n no autorizada de la informaci\u00f3n contenida en esta Web, as\u00ed como la lesi\u00f3n de los derechos de Propiedad Intelectual o Industrial del TITULAR o de terceros incluidos en la Web que hayan cedido contenidos dar\u00e1 lugar a las responsabilidades legalmente establecidas.<\/p><p><strong>5. Hiperenlaces.<\/strong><\/p><p>Los usuarios que se propongan establecer hiperenlaces entre su Web y este sitio Web deber\u00e1n observar y cumplir las condiciones siguientes:<\/p><p>&#8211; No ser\u00e1 necesaria autorizaci\u00f3n previa cuando el Hiperenlace permita \u00fanicamente el acceso a la p\u00e1gina de Inicio de este sitio Web, pero no podr\u00e1 reproducirla de ninguna forma. Cualquier otra forma de Hiperenlace requerir\u00e1 la autorizaci\u00f3n previa y por escrito por parte del TITULAR.<\/p><p>&#8211; No se crear\u00e1n \u201cmarcos\u201d (\u201cframes\u201d) con, ni sobre el sitio Web del TITULAR.<\/p><p>&#8211; No se realizar\u00e1n manifestaciones o indicaciones falsas, inexactas, u ofensivas sobre el TITULAR, sus directivos, sus empleados o colaboradores, o de las personas que se relacionen en la Web por cualquier motivo, o de los usuarios de la Web, o de los contenidos suministrados.<\/p><p>&#8211; No se declarar\u00e1 ni se dar\u00e1 a entender que el TITULAR ha autorizado el Hiperenlace o que ha supervisado o asumido de cualquier forma los contenidos ofrecidos o puestos a disposici\u00f3n de la p\u00e1gina Web en la que se establece el Hiperenlace.<\/p><p>&#8211; La p\u00e1gina Web en la que se establezca el Hiperenlace solo podr\u00e1 contener lo estrictamente necesario para identificar el destino del Hiperenlace, ni contendr\u00e1 informaciones o contenidos il\u00edcitos, contrarios a la moral y a las buenas costumbres generalmente aceptadas y al orden p\u00fablico, as\u00ed como tampoco contendr\u00e1 contenidos contrarios a cualesquiera derechos de terceros.<\/p><p><strong>6. Disponibilidad de la Web.<\/strong><\/p><p>El TITULAR no puede garantizar la inexistencia de interrupciones o errores en el acceso a la Web y sus contenidos, ni que estos se encuentren permanentemente actualizados, aunque aplicar\u00e1 sus mejores esfuerzos para evitarlos, subsanarlos, o actualizarlos.<\/p><p>El TITULAR no se responsabiliza de los da\u00f1os o perjuicios de cualquier tipo producidos al usuario por causa de fallos o desconexiones en las redes de telecomunicaciones que produzcan la suspensi\u00f3n, cancelaci\u00f3n o interrupci\u00f3n del servicio del sitio Web.<\/p><p>El TITULAR excluye, con las excepciones contempladas en la legislaci\u00f3n vigente, cualquier responsabilidad por los da\u00f1os y perjuicios de toda naturaleza que puedan deberse a la falta de disponibilidad, continuidad o calidad del funcionamiento de la Web y de los Contenidos, y\/o al no cumplimiento de la expectativa de utilidad que los usuarios hubieren podido atribuir a la Web y a los Contenidos.<\/p><p>La funci\u00f3n de los Hiperenlaces que aparecen en esta Web es exclusivamente la de informar al usuario acerca de la existencia de otras Web que contienen informaci\u00f3n sobre la materia. Dichos Hiperenlaces no constituyen sugerencia ni recomendaci\u00f3n alguna, siendo de plena responsabilidad del usuario el acceso a dichos hiperenlaces.<\/p><p>El TITULAR no se hace responsable de los contenidos de dichas Webs enlazadas, del funcionamiento o utilidad de los Hiperenlaces o del resultado de estos, ni garantiza la ausencia de virus u otros elementos que puedan producir alteraciones en el sistema inform\u00e1tico (hardware y software), los documentos o los ficheros del usuario, excluyendo cualquier responsabilidad por los da\u00f1os de cualquier clase causados al usuario por este motivo.<\/p><p>El acceso a la Web no implica la obligaci\u00f3n por parte del TITULAR de controlar la ausencia de virus, gusanos, troyanos, o cualquier otro elemento inform\u00e1tico da\u00f1ino. Corresponde al usuario la disponibilidad de herramientas adecuadas para la detecci\u00f3n y desinfecci\u00f3n de programas inform\u00e1ticos da\u00f1inos.<\/p><p>El TITULAR no se hace responsable de los posibles errores de seguridad que se puedan producir durante el acceso a la Web, ni de los posibles da\u00f1os que se puedan causar al sistema inform\u00e1tico del usuario o de terceros y a los ficheros o documentos almacenados en el mismo, como consecuencia de la presencia de virus en el ordenador del usuario utilizado para la conexi\u00f3n a los contenidos de la Web, de un mal funcionamiento del navegador o del uso de versiones no actualizadas del mismo.<\/p><p><strong>7. Calidad de la Web.<\/strong><\/p><p>Dado el entorno din\u00e1mico y cambiante de la informaci\u00f3n y servicios que se suministran por medio de la Web, el TITULAR realiza su mejor esfuerzo, pero no garantiza la completa exactitud, fiabilidad, utilidad, y\/o actualidad de los Contenidos.<\/p><p>La informaci\u00f3n contenida en el sitio web s\u00f3lo tiene car\u00e1cter informativo, consultivo, divulgativo, y publicitario. En ning\u00fan caso tienen car\u00e1cter vinculante o contractual.<\/p><p><strong>8. Limitaci\u00f3n de responsabilidad.<\/strong><\/p><p>El TITULAR excluye toda responsabilidad por las decisiones que el usuario pueda tomar basado en esta informaci\u00f3n, as\u00ed como por los posibles errores tipogr\u00e1ficos que puedan contener los documentos y gr\u00e1ficos de la Web.<\/p><p><strong>9. Disponibilidad de los Contenidos.<\/strong><\/p><p>La disponibilidad del sitio Web tiene duraci\u00f3n indefinida. El TITULAR puede sin embargo cancelar la Web o cualquiera de sus contenidos en cualquier momento. Cuando ello sea razonablemente posible, el TITULAR advertir\u00e1 previamente la cancelaci\u00f3n o supresi\u00f3n del sitio Web y de los contenidos que vaya a suprimir.<\/p><p><strong>10. Protecci\u00f3n de Datos de Car\u00e1cter Personal.<\/strong><\/p><p>El TITULAR es consciente de la importancia de la privacidad de los datos de car\u00e1cter personal y por ello, ha implementado la correspondiente Pol\u00edtica de Privacidad para el tratamiento de datos personales orientada a proveer la m\u00e1xima seguridad en el uso y recogida de los mismos, garantizando el cumplimiento de la normativa vigente en la materia y configurando dicha pol\u00edtica como uno de los pilares b\u00e1sicos en sus l\u00edneas de actuaci\u00f3n.<br \/>El TITULAR recomienda su lectura para lo que dispone que sea accesible desde cualquier lugar del sitio Web.<\/p><p>Los datos o contenidos del TITULAR pueden estar publicados en redes sociales, por inter\u00e9s del TITULAR o por iniciativa de otros.<\/p><p>El usuario debe saber que el tratamiento de sus datos una vez haya accedido a ellas es responsabilidad de cada red social, por lo que aconseja leer atentamente el uso o tratamiento que realizan de sus datos de car\u00e1cter personal.<\/p><p>En cualquier caso, si el usuario experimenta alg\u00fan tipo de incidencia respecto a alg\u00fan enlace a una red social o blog a la que haya accedido a trav\u00e9s de su sitio Web podr\u00e1 comunicarlo a trav\u00e9s de la direcci\u00f3n de correo facilitada.<\/p><p>El TITULAR colocar\u00e1 en su caso, el acceso correspondiente a las Redes Sociales en donde pueda tener presencia en este sitio Web. El TITULAR gestionar\u00e1 las comunicaciones seg\u00fan los t\u00e9rminos y condiciones de cada plataforma o red social.<\/p><p><strong>11. Acceso a trav\u00e9s de dispositivos m\u00f3viles.<\/strong><\/p><p>El acceso a las aplicaciones m\u00f3viles y a la Webs es de naturaleza gratuita. Sin embargo, el TITULAR no se responsabiliza si el operador de telefon\u00eda m\u00f3vil que opera en el terminal pudiera realizar cualquier tipo de cobro por el uso de navegaci\u00f3n de Internet desde el aparato m\u00f3vil del usuario de la web.<\/p><p><strong>12. Uso de cookies.<\/strong><\/p><p>Las cookies son ficheros enviados a un navegador por medio de un servidor web para registrar las actividades del usuario.<\/p><p>Las cookies se usan para facilitar un acceso m\u00e1s r\u00e1pido a los servicios seleccionados, y personalizar los servicios que ofrecen las webs de TITULAR, en base a elecciones y preferencias habituales del usuario, al hacer uso de los servicios.<br \/>Las cookies se asocian a un usuario an\u00f3nimo y su ordenador y no recaban datos de car\u00e1cter personal.<\/p><p>Para m\u00e1s informaci\u00f3n, pueden dirigirse a nuestra Pol\u00edtica de Cookies.<\/p><p><strong>13. Jurisdicci\u00f3n.<\/strong><\/p><p>Para cuantas cuestiones se susciten sobre la interpretaci\u00f3n, aplicaci\u00f3n y cumplimiento de este Aviso Legal, as\u00ed como de las reclamaciones que puedan derivarse de su uso, todas las partes intervinientes se someten a los Jueces y Tribunales de SEVILLA, renunciando de forma expresa a cualquier otro fuero que pudiera corresponderles.<\/p><p><strong>14. Idiomas<\/strong><\/p><p>Esta p\u00e1gina web esta disponible solamente en idioma espa\u00f1ol-castellano, que es el \u00fanico vinculante de los contenidos publicados. En caso de duda o controversia, prevalecer\u00e1 la publicaci\u00f3n de la p\u00e1gina en espa\u00f1ol sobre cualquier otro idioma disponible.<\/p><p>El Aviso Legal se rige por la ley espa\u00f1ola.<\/p>\t\t\t\t\t\t\t\t<\/div>\n\t\t\t\t<\/div>\n\t\t\t\t\t<\/div>\n\t\t<\/div>\n\t\t\t\t\t<\/div>\n\t\t<\/section>\n\t\t\t\t<\/div>","protected":false},"excerpt":{"rendered":"<p>AVISO LEGAL AVISO LEGAL \u00a9 metronsevilla.com. Todos los derechos reservados.metronsevilla.com en adelante el sitio Web o Web, en cumplimiento del deber de informaci\u00f3n estipulado en el art\u00edculo 10 de la Ley 34\/2002 de 11 de julio de Servicios de la Sociedad de la Informaci\u00f3n y de Comercio Electr\u00f3nico, le informa que: El titular del sitio [&hellip;]<\/p>\n","protected":false},"author":1,"featured_media":0,"parent":0,"menu_order":0,"comment_status":"closed","ping_status":"closed","template":"","meta":{"om_disable_all_campaigns":false,"_monsterinsights_skip_tracking":false,"_monsterinsights_sitenote_active":false,"_monsterinsights_sitenote_note":"","_monsterinsights_sitenote_category":0,"_uf_show_specific_survey":0,"_uf_disable_surveys":false,"site-sidebar-layout":"no-sidebar","site-content-layout":"page-builder","ast-site-content-layout":"default","site-content-style":"default","site-sidebar-style":"default","ast-global-header-display":"","ast-banner-title-visibility":"","ast-main-header-display":"","ast-hfb-above-header-display":"","ast-hfb-below-header-display":"","ast-hfb-mobile-header-display":"","site-post-title":"disabled","ast-breadcrumbs-content":"","ast-featured-img":"disabled","footer-sml-layout":"","ast-disable-related-posts":"","theme-transparent-header-meta":"default","adv-header-id-meta":"","stick-header-meta":"","header-above-stick-meta":"","header-main-stick-meta":"","header-below-stick-meta":"","astra-migrate-meta-layouts":"default","ast-page-background-enabled":"default","ast-page-background-meta":{"desktop":{"background-color":"","background-image":"","background-repeat":"repeat","background-position":"center center","background-size":"auto","background-attachment":"scroll","background-type":"","background-media":"","overlay-type":"","overlay-color":"","overlay-opacity":"","overlay-gradient":""},"tablet":{"background-color":"","background-image":"","background-repeat":"repeat","background-position":"center center","background-size":"auto","background-attachment":"scroll","background-type":"","background-media":"","overlay-type":"","overlay-color":"","overlay-opacity":"","overlay-gradient":""},"mobile":{"background-color":"","background-image":"","background-repeat":"repeat","background-position":"center center","background-size":"auto","background-attachment":"scroll","background-type":"","background-media":"","overlay-type":"","overlay-color":"","overlay-opacity":"","overlay-gradient":""}},"ast-content-background-meta":{"desktop":{"background-color":"var(--ast-global-color-5)","background-image":"","background-repeat":"repeat","background-position":"center center","background-size":"auto","background-attachment":"scroll","background-type":"","background-media":"","overlay-type":"","overlay-color":"","overlay-opacity":"","overlay-gradient":""},"tablet":{"background-color":"var(--ast-global-color-5)","background-image":"","background-repeat":"repeat","background-position":"center center","background-size":"auto","background-attachment":"scroll","background-type":"","background-media":"","overlay-type":"","overlay-color":"","overlay-opacity":"","overlay-gradient":""},"mobile":{"background-color":"var(--ast-global-color-5)","background-image":"","background-repeat":"repeat","background-position":"center center","background-size":"auto","background-attachment":"scroll","background-type":"","background-media":"","overlay-type":"","overlay-color":"","overlay-opacity":"","overlay-gradient":""}},"footnotes":""},"class_list":["post-1367","page","type-page","status-publish","hentry"],"aioseo_notices":[],"_links":{"self":[{"href":"https:\/\/metronsevilla.com\/en\/wp-json\/wp\/v2\/pages\/1367","targetHints":{"allow":["GET"]}}],"collection":[{"href":"https:\/\/metronsevilla.com\/en\/wp-json\/wp\/v2\/pages"}],"about":[{"href":"https:\/\/metronsevilla.com\/en\/wp-json\/wp\/v2\/types\/page"}],"author":[{"embeddable":true,"href":"https:\/\/metronsevilla.com\/en\/wp-json\/wp\/v2\/users\/1"}],"replies":[{"embeddable":true,"href":"https:\/\/metronsevilla.com\/en\/wp-json\/wp\/v2\/comments?post=1367"}],"version-history":[{"count":7,"href":"https:\/\/metronsevilla.com\/en\/wp-json\/wp\/v2\/pages\/1367\/revisions"}],"predecessor-version":[{"id":2243,"href":"https:\/\/metronsevilla.com\/en\/wp-json\/wp\/v2\/pages\/1367\/revisions\/2243"}],"wp:attachment":[{"href":"https:\/\/metronsevilla.com\/en\/wp-json\/wp\/v2\/media?parent=1367"}],"curies":[{"name":"wp","href":"https:\/\/api.w.org\/{rel}","templated":true}]}}