{"id":3,"date":"2022-06-22T13:52:04","date_gmt":"2022-06-22T13:52:04","guid":{"rendered":"https:\/\/metronsevilla.com\/?page_id=3"},"modified":"2023-03-22T08:49:42","modified_gmt":"2023-03-22T08:49:42","slug":"politica-privacidad","status":"publish","type":"page","link":"https:\/\/metronsevilla.com\/en\/politica-privacidad\/","title":{"rendered":"Privacy policy"},"content":{"rendered":"<div data-elementor-type=\"wp-page\" data-elementor-id=\"3\" class=\"elementor elementor-3\" data-elementor-post-type=\"page\">\n\t\t\t\t\t\t<section class=\"elementor-section elementor-top-section elementor-element elementor-element-837df57 elementor-section-boxed elementor-section-height-default elementor-section-height-default\" data-id=\"837df57\" data-element_type=\"section\" data-e-type=\"section\" data-settings=\"{&quot;ekit_has_onepagescroll_dot&quot;:&quot;yes&quot;}\">\n\t\t\t\t\t\t<div class=\"elementor-container elementor-column-gap-default\">\n\t\t\t\t\t<div class=\"elementor-column elementor-col-100 elementor-top-column elementor-element elementor-element-ad1f2c7\" data-id=\"ad1f2c7\" data-element_type=\"column\" data-e-type=\"column\">\n\t\t\t<div class=\"elementor-widget-wrap elementor-element-populated\">\n\t\t\t\t\t\t<div class=\"elementor-element elementor-element-495d193 elementor-widget elementor-widget-heading\" data-id=\"495d193\" data-element_type=\"widget\" data-e-type=\"widget\" data-settings=\"{&quot;ekit_we_effect_on&quot;:&quot;none&quot;}\" data-widget_type=\"heading.default\">\n\t\t\t\t<div class=\"elementor-widget-container\">\n\t\t\t\t\t<h2 class=\"elementor-heading-title elementor-size-default\">POL\u00cdTICA DE PRIVACIDAD<\/h2>\t\t\t\t<\/div>\n\t\t\t\t<\/div>\n\t\t\t\t\t<\/div>\n\t\t<\/div>\n\t\t\t\t\t<\/div>\n\t\t<\/section>\n\t\t\t\t<section class=\"elementor-section elementor-top-section elementor-element elementor-element-c17649d elementor-section-boxed elementor-section-height-default elementor-section-height-default\" data-id=\"c17649d\" data-element_type=\"section\" data-e-type=\"section\" data-settings=\"{&quot;ekit_has_onepagescroll_dot&quot;:&quot;yes&quot;}\">\n\t\t\t\t\t\t<div class=\"elementor-container elementor-column-gap-default\">\n\t\t\t\t\t<div class=\"elementor-column elementor-col-100 elementor-top-column elementor-element elementor-element-52c04e7\" data-id=\"52c04e7\" data-element_type=\"column\" data-e-type=\"column\">\n\t\t\t<div class=\"elementor-widget-wrap elementor-element-populated\">\n\t\t\t\t\t\t<div class=\"elementor-element elementor-element-bd27107 elementor-widget elementor-widget-text-editor\" data-id=\"bd27107\" data-element_type=\"widget\" data-e-type=\"widget\" data-settings=\"{&quot;ekit_we_effect_on&quot;:&quot;none&quot;}\" data-widget_type=\"text-editor.default\">\n\t\t\t\t<div class=\"elementor-widget-container\">\n\t\t\t\t\t\t\t\t\t<h2 style=\"text-align: center;\">POL\u00cdTICA DE PRIVACIDAD<\/h2><p><strong>1. Identificaci\u00f3n.<\/strong><\/p><p>Responsable de tratamiento: ESTUDIO SEVILLA CENTRO SANTA JUSTA S.L.<br \/>NIF: B91773556<br \/>Direcci\u00f3n: Calle Recaredo, 21 \u2013 1\u00ba &#8211; pta 3<br \/>Localidad: Sevilla<br \/>CP: 41003<br \/>Provincia: SEVILLA<br \/>Pa\u00eds: ESPA\u00d1A<br \/>Correo electr\u00f3nico: metron@metronsevilla.com<br \/>Tel\u00e9fono: 955383716<\/p><p><strong>2. Informaci\u00f3n y Consentimiento.<\/strong><\/p><p>Mediante la aceptaci\u00f3n de la presente Pol\u00edtica de Privacidad, el usuario queda informado y presta su consentimiento libre, y espec\u00edfico para que los datos personales que facilite a trav\u00e9s de nuestros sitios web en adelante, el \u201cSitio Web\u201d, y los que pueda facilitar por otros medios o en el futuro, sean tratados por ESTUDIO SEVILLA CENTRO SANTA JUSTA S.L., en lo que resta de documento denominado el RESPONSABLE.<\/p><p><strong>3. Obligatoriedad de facilitar los datos.<\/strong><\/p><p>Los datos solicitados en los formularios del Sitio Web son obligatorios salvo que en el campo indicado se indique lo contrario. Si no se facilitan o no se hace correctamente no podr\u00e1 atenderse la solicitud del usuario.<br \/>El usuario podr\u00e1 visualizar libremente el contenido del Sitio Web si acepta el uso de cookies, si no fuera as\u00ed ser\u00e1 invitado a abandonar el sitio web o a navegar, si fuera el caso, por contenidos sin cookies.<\/p><p><strong>4. \u00bfCon qu\u00e9 finalidad tratar\u00e1 el responsable los datos personales del usuario? &#8211; \u00bfcu\u00e1l es la legitimaci\u00f3n del tratamiento de los datos del usuario?<\/strong><\/p><p>Los datos personales facilitados a trav\u00e9s del Sitio Web ser\u00e1n tratados por el RESPONSABLE conforme a las siguientes finalidades:<\/p><p>a. Con finalidades de cumplimiento contractual. <br \/>Para cumplir con los acuerdos en el suministro de productos o servicios que usted nos contrata y poder realizarlos seg\u00fan las condiciones expuestas en cada caso. Tambi\u00e9n para el establecimiento de acuerdos y contratos laborales.<\/p><p>Causa de legitimaci\u00f3n Reglamento (UE) 2016\/679 del Parlamento Europeo y del Consejo de 27 de abril de 2016 (en adelante RGPD), art\u00edculo 6.1b el tratamiento es necesario para la ejecuci\u00f3n de un contrato en el que el interesado es parte o para la aplicaci\u00f3n a petici\u00f3n de este de medidas precontractuales;<\/p><p>b. Con finalidades de comunicaci\u00f3n comercial e informaci\u00f3n basados en su consentimiento.<br \/>Con el fin de poder comunicar promociones comerciales, informaci\u00f3n de productos y novedades, invitarle a eventos y actividades, le solicitamos consentimiento de forma expresa, pudiendo ser revocado de manera sencilla en cualquier momento que lo considere oportuno.<\/p><p>Causa de legitimaci\u00f3n RGPD art\u00edculo 6.1ba el interesado dio su consentimiento para el tratamiento de sus datos personales para uno o varios fines espec\u00edficos<\/p><p>c. Datos facilitados para el env\u00edo de Newsletter.<br \/>Gestionar la suscripci\u00f3n y\/o baja de la Newsletter, realizada a trav\u00e9s del canal dispuesto en el Sitio Web del RESPONSABLE.<\/p><p>Causa de legitimaci\u00f3n RGPD art\u00edculo 6.1a el interesado dio su consentimiento para el tratamiento de sus datos personales para uno o varios fines espec\u00edficos<\/p><p>d. Datos proporcionados en los formularios de contacto.<br \/>Gestionar las solicitudes de contacto e informaci\u00f3n del usuario a trav\u00e9s de los canales dispuestos para ello en los sitios web del RESPONSABLE, para contestar la petici\u00f3n planteada.<\/p><p>Causa de legitimaci\u00f3n RGPD art\u00edculo 6.1f el tratamiento es necesario para la satisfacci\u00f3n de intereses leg\u00edtimos perseguidos por el responsable del tratamiento o por un tercero, siempre que sobre dichos intereses no prevalezcan los intereses o los derechos y libertades fundamentales del interesado que requieran la protecci\u00f3n de datos personales, en particular cuando el interesado sea un ni\u00f1o.<\/p><p>e. Datos de navegaci\u00f3n facilitados.<br \/>Efectuar an\u00e1lisis sobre la utilizaci\u00f3n del Sitio Web y comprobar las preferencias y comportamiento de los usuarios.<\/p><p>Causa de legitimaci\u00f3n RGPD art\u00edculo 6.1f el tratamiento es necesario para la satisfacci\u00f3n de intereses leg\u00edtimos perseguidos por el responsable del tratamiento o por un tercero, siempre que sobre dichos intereses no prevalezcan los intereses o los derechos y libertades fundamentales del interesado que requieran la protecci\u00f3n de datos personales, en particular cuando el interesado sea un ni\u00f1o.<\/p><p><strong>5. \u00bfQu\u00e9 datos del usuario tratar\u00e1 el responsable?<\/strong><\/p><p>El RESPONSABLE tratar\u00e1 las siguientes categor\u00edas de datos de car\u00e1cter personal dependiendo de la solicitud o petici\u00f3n realizada por el usuario:<\/p><p>&#8211; Caracter\u00edsticas personales &#8211; Circunstancias sociales &#8211; Acad\u00e9micos y profesionales &#8211; Detalles del empleo &#8211; Informaci\u00f3n comercial &#8211; Econ\u00f3micos, financieros y de seguros &#8211; Transacciones de bienes y servicios &#8211; Datos de navegaci\u00f3n &#8211; C\u00f3digos o claves de identificaci\u00f3n de usuario y\/o titular.<\/p><p><strong>6. \u00bfCon qu\u00e9 destinatarios se compartir\u00e1n los datos del usuario?<\/strong><\/p><p>Los datos del usuario, dependiendo de la relaci\u00f3n que se establezca y siempre con su autorizaci\u00f3n, podr\u00edan ser comunicados a:<\/p><p>&#8211; Organizaciones o personas directamente relacionadas con el responsable.<br \/>&#8211; Organismos de la seguridad social.<br \/>&#8211; Registros p\u00fablicos.<br \/>&#8211; Colegios profesionales.<br \/>&#8211; Administraci\u00f3n tributaria.<br \/>&#8211; Otros \u00f3rganos de la administraci\u00f3n p\u00fablica.<br \/>&#8211; Comisi\u00f3n nacional del mercado de valores.<br \/>&#8211; Comisi\u00f3n nacional de juego.<br \/>&#8211; Notarios y procuradores.<br \/>&#8211; Fuerzas y cuerpos de seguridad.<br \/>&#8211; Organismos de la uni\u00f3n europea.<br \/>&#8211; Entidades dedicadas al cumplimiento o incumpliendo de obligaciones dinerarias.<br \/>&#8211; Bancos, cajas de ahorros y cajas rurales.<br \/>&#8211; Entidades aseguradoras.<br \/>&#8211; Otras entidades financieras.<br \/>&#8211; Entidades sanitarias.<br \/>&#8211; Prestaciones de servicios de telecomunicaciones.<br \/>&#8211; Empresas dedicadas a publicidad o marketing directo.<br \/>&#8211; Asociaciones y organizaciones sin \u00e1nimo de lucro.<br \/>&#8211; Sindicatos y juntas de personal.<br \/>&#8211; Administraci\u00f3n p\u00fablica con competencia en la materia.<\/p><p><strong>7. Transferencias Internacionales de Datos.<\/strong><\/p><p>Le informamos que sus datos podr\u00edas ser transferidos siempre con su autorizaci\u00f3n previa a:<\/p><p>&#8211; Organizaciones o personas directamente relacionadas con el responsable.<br \/>&#8211; Prestadores de servicio. <br \/>&#8211; Universidades y centros educativos.<br \/>&#8211; \u00d3rganos p\u00fablicos de otros estados.<br \/>&#8211; Organismos internacionales.<br \/>&#8211; Entidades sanitarias.<br \/>&#8211; \u00d3rganos judiciales.<br \/>&#8211; Entidades financieras.<br \/>&#8211; Datos de pasajeros con destino a los organismos de fronteras de EEUU y Canad\u00e1.<\/p><p><strong>8. Conservaci\u00f3n de los Datos.<\/strong><\/p><p>a. Con finalidades de cumplimiento contractual.<br \/>Los datos ser\u00e1n conservados durante la vigencia del contrato y, una vez finalizado, durante el plazo de prescripci\u00f3n de las acciones legales que se puedan derivar del mismo.<\/p><p>b. Con finalidades de comunicaci\u00f3n comercial e informaci\u00f3n basados en su consentimiento.<br \/>Los datos ser\u00e1n conservados en tanto el usuario no revoque el consentimiento otorgado.<\/p><p>c. Datos facilitados para el env\u00edo de Newsletter.<br \/>Los datos ser\u00e1n conservados en tanto el usuario no revoque el consentimiento otorgado.<\/p><p>d. Datos proporcionados en los formularios de contacto.<br \/>Los datos ser\u00e1n conservados en tanto el usuario no revoque el consentimiento otorgado, durante la vigencia del servicio solicitado y, una vez finalizado, durante el plazo de prescripci\u00f3n de las acciones legales que se puedan derivar del mismo.<\/p><p>e. Datos de navegaci\u00f3n facilitados.<br \/>Los datos ser\u00e1n conservados en tanto el usuario no revoque el consentimiento otorgado.<\/p><p><strong>9. Responsabilidad del Usuario.<\/strong><\/p><p>El usuario garantiza que es mayor de edad y que los datos que facilita al RESPONSABLE son verdaderos y est\u00e1n actualizados. El usuario mantendr\u00e1 convenientemente actualizada la informaci\u00f3n facilitada.<br \/>El usuario garantiza que ha informado a los terceros de los que facilite datos, en caso de hacerlo, de los aspectos contenidos en este documento, garantizando a su vez que ha obtenido su autorizaci\u00f3n para facilitar sus datos al RESPONSABLE.<br \/>El usuario ser\u00e1 responsable de las informaciones falsas o inexactas que proporcione a trav\u00e9s del Sitio Web y de los da\u00f1os y perjuicios, directos o indirectos, que ello cause al RESPONSABLE o a terceros.<\/p><p><strong>10. Ejercicio de Derechos.<\/strong><\/p><p>El usuario puede enviar un escrito al RESPONSABLE, a la direcci\u00f3n postal o electr\u00f3nica indicada en el encabezado de la presente Pol\u00edtica, adjuntando fotocopia de su documento de identidad o documento equivalente, en cualquier momento y de manera gratuita, para:<\/p><p>Revocar los consentimientos otorgados.<br \/>Obtener confirmaci\u00f3n acerca de si el RESPONSABLE est\u00e1 tratando datos personales que le conciernen.<br \/>Acceder a sus datos personales.<br \/>Rectificar los datos inexactos o incompletos.<br \/>Solicitar la supresi\u00f3n de sus datos cuando, entre otros motivos, los datos ya no sean necesarios para los fines que fueron recogidos.<br \/>Obtener del RESPONSABLE la limitaci\u00f3n del tratamiento de los datos cuando se cumpla alguna de las condiciones previstas en la normativa vigente de protecci\u00f3n de datos.<br \/>Solicitar la portabilidad de los datos facilitados en aquellos casos previstos en la normativa vigente de protecci\u00f3n de datos.<br \/>Interponer una reclamaci\u00f3n ante la Agencia Espa\u00f1ola de Protecci\u00f3n de Datos en la direcci\u00f3n Calle de Jorge Juan, 6, 28001 Madrid, si considera que el RESPONSABLE no trata sus datos conforme a derecho.<\/p><p><strong>11. Medidas de Seguridad.<\/strong><\/p><p>El RESPONSABLE tratar\u00e1 los datos del usuario en todo momento de forma confidencial y guardando el obligado deber de secreto respecto de los mismos, en cumplimiento de lo aconsejado y previsto en la Ley Org\u00e1nica 3\/2018, del 5 de diciembre de protecci\u00f3n de datos y garant\u00eda de los derechos digitales, adoptando al efecto las medidas de \u00edndole t\u00e9cnica y organizativas necesarias que garanticen la seguridad de sus datos y eviten su alteraci\u00f3n, p\u00e9rdida, tratamiento o acceso no autorizado, habida cuenta del estado de la tecnolog\u00eda, la naturaleza de los datos almacenados y los riesgos a que est\u00e1n expuestos.<\/p><p>\u00a0<\/p>\t\t\t\t\t\t\t\t<\/div>\n\t\t\t\t<\/div>\n\t\t\t\t\t<\/div>\n\t\t<\/div>\n\t\t\t\t\t<\/div>\n\t\t<\/section>\n\t\t\t\t<\/div>","protected":false},"excerpt":{"rendered":"<p>POL\u00cdTICA DE PRIVACIDAD POL\u00cdTICA DE PRIVACIDAD 1. Identificaci\u00f3n. Responsable de tratamiento: ESTUDIO SEVILLA CENTRO SANTA JUSTA S.L.NIF: B91773556Direcci\u00f3n: Calle Recaredo, 21 \u2013 1\u00ba &#8211; pta 3Localidad: SevillaCP: 41003Provincia: SEVILLAPa\u00eds: ESPA\u00d1ACorreo electr\u00f3nico: metron@metronsevilla.comTel\u00e9fono: 955383716 2. Informaci\u00f3n y Consentimiento. Mediante la aceptaci\u00f3n de la presente Pol\u00edtica de Privacidad, el usuario queda informado y presta su consentimiento libre, [&hellip;]<\/p>\n","protected":false},"author":1,"featured_media":0,"parent":0,"menu_order":0,"comment_status":"closed","ping_status":"open","template":"","meta":{"om_disable_all_campaigns":false,"_monsterinsights_skip_tracking":false,"_monsterinsights_sitenote_active":false,"_monsterinsights_sitenote_note":"","_monsterinsights_sitenote_category":0,"_uf_show_specific_survey":0,"_uf_disable_surveys":false,"site-sidebar-layout":"no-sidebar","site-content-layout":"page-builder","ast-site-content-layout":"default","site-content-style":"default","site-sidebar-style":"default","ast-global-header-display":"","ast-banner-title-visibility":"","ast-main-header-display":"","ast-hfb-above-header-display":"","ast-hfb-below-header-display":"","ast-hfb-mobile-header-display":"","site-post-title":"disabled","ast-breadcrumbs-content":"","ast-featured-img":"disabled","footer-sml-layout":"","ast-disable-related-posts":"","theme-transparent-header-meta":"default","adv-header-id-meta":"","stick-header-meta":"","header-above-stick-meta":"","header-main-stick-meta":"","header-below-stick-meta":"","astra-migrate-meta-layouts":"default","ast-page-background-enabled":"default","ast-page-background-meta":{"desktop":{"background-color":"","background-image":"","background-repeat":"repeat","background-position":"center center","background-size":"auto","background-attachment":"scroll","background-type":"","background-media":"","overlay-type":"","overlay-color":"","overlay-opacity":"","overlay-gradient":""},"tablet":{"background-color":"","background-image":"","background-repeat":"repeat","background-position":"center center","background-size":"auto","background-attachment":"scroll","background-type":"","background-media":"","overlay-type":"","overlay-color":"","overlay-opacity":"","overlay-gradient":""},"mobile":{"background-color":"","background-image":"","background-repeat":"repeat","background-position":"center center","background-size":"auto","background-attachment":"scroll","background-type":"","background-media":"","overlay-type":"","overlay-color":"","overlay-opacity":"","overlay-gradient":""}},"ast-content-background-meta":{"desktop":{"background-color":"var(--ast-global-color-5)","background-image":"","background-repeat":"repeat","background-position":"center center","background-size":"auto","background-attachment":"scroll","background-type":"","background-media":"","overlay-type":"","overlay-color":"","overlay-opacity":"","overlay-gradient":""},"tablet":{"background-color":"var(--ast-global-color-5)","background-image":"","background-repeat":"repeat","background-position":"center center","background-size":"auto","background-attachment":"scroll","background-type":"","background-media":"","overlay-type":"","overlay-color":"","overlay-opacity":"","overlay-gradient":""},"mobile":{"background-color":"var(--ast-global-color-5)","background-image":"","background-repeat":"repeat","background-position":"center center","background-size":"auto","background-attachment":"scroll","background-type":"","background-media":"","overlay-type":"","overlay-color":"","overlay-opacity":"","overlay-gradient":""}},"footnotes":""},"class_list":["post-3","page","type-page","status-publish","hentry"],"aioseo_notices":[],"_links":{"self":[{"href":"https:\/\/metronsevilla.com\/en\/wp-json\/wp\/v2\/pages\/3","targetHints":{"allow":["GET"]}}],"collection":[{"href":"https:\/\/metronsevilla.com\/en\/wp-json\/wp\/v2\/pages"}],"about":[{"href":"https:\/\/metronsevilla.com\/en\/wp-json\/wp\/v2\/types\/page"}],"author":[{"embeddable":true,"href":"https:\/\/metronsevilla.com\/en\/wp-json\/wp\/v2\/users\/1"}],"replies":[{"embeddable":true,"href":"https:\/\/metronsevilla.com\/en\/wp-json\/wp\/v2\/comments?post=3"}],"version-history":[{"count":10,"href":"https:\/\/metronsevilla.com\/en\/wp-json\/wp\/v2\/pages\/3\/revisions"}],"predecessor-version":[{"id":2249,"href":"https:\/\/metronsevilla.com\/en\/wp-json\/wp\/v2\/pages\/3\/revisions\/2249"}],"wp:attachment":[{"href":"https:\/\/metronsevilla.com\/en\/wp-json\/wp\/v2\/media?parent=3"}],"curies":[{"name":"wp","href":"https:\/\/api.w.org\/{rel}","templated":true}]}}